{"id":686,"date":"2020-08-10T02:08:32","date_gmt":"2020-08-10T00:08:32","guid":{"rendered":"http:\/\/www.dominican-larimar.com\/?page_id=686"},"modified":"2020-08-11T16:36:24","modified_gmt":"2020-08-11T14:36:24","slug":"the-story-of-larimar","status":"publish","type":"page","link":"https:\/\/www.dominican-larimar.com\/index.php\/en\/the-story-of-larimar\/","title":{"rendered":"The story of Larimar"},"content":{"rendered":"\n<p>Larimar is a <strong>semi-precious stone<\/strong> found <strong>only in the Dominican Republic<\/strong>, which despite of having formed about 35 million years ago has an original history and recent fame.<br><a href=\"https:\/\/www.dominican-larimar.com\/index.php\/en\/larimar-stone-properties\/\"><strong>Multiple properties<\/strong><\/a> are attributed to it about <strong>love <\/strong>and <strong>healing<\/strong>, among others.<\/p>\n\n\n\n<div style=\"height:20px\" aria-hidden=\"true\" class=\"wp-block-spacer\"><\/div>\n\n\n\n<h3 class=\"wp-block-heading\">What is Larimar?<\/h3>\n\n\n\n<div class=\"wp-block-image\"><figure class=\"alignleft size-large is-resized\"><img fetchpriority=\"high\" decoding=\"async\" src=\"https:\/\/www.dominican-larimar.com\/wp-content\/uploads\/2020\/07\/dominican-larimar-jorge-luis-feliz-74-e1595364379646.jpeg\" alt=\"dominican larimar jorge luis feliz\" class=\"wp-image-132\" width=\"288\" height=\"306\" srcset=\"https:\/\/www.dominican-larimar.com\/wp-content\/uploads\/2020\/07\/dominican-larimar-jorge-luis-feliz-74-e1595364379646.jpeg 576w, https:\/\/www.dominican-larimar.com\/wp-content\/uploads\/2020\/07\/dominican-larimar-jorge-luis-feliz-74-e1595364379646-283x300.jpeg 283w\" sizes=\"(max-width: 288px) 100vw, 288px\" \/><\/figure><\/div>\n\n\n\n<p>Larimar has been classified as a <strong>fine stone<\/strong> since 1979. It is a variety of <strong>pectolite <\/strong>that can <strong>only be found in the Dominican Republic<\/strong>. <br>A pectolite is a mineral that belongs to the group of silicates. Its name comes from the ancient Greek Pectos (\u00abto put together well\u00bb), alluding to the groups generally formed by its crystals.<\/p>\n\n\n\n<p>Larimar&#8217;s formula is NaCa2 Si3 O8 (OH).<br>It has a <strong>volcanic origin<\/strong>: cobalt gives it <strong>blue tones<\/strong>, ranging from <strong>very pale blue almost white to dark blue, often deep turquoise blue<\/strong>.<br>However, the designation \u00abturquoise\u00bb is prohibited, as <strong>Larimar has its own name<\/strong>.<\/p>\n\n\n\n<div style=\"height:20px\" aria-hidden=\"true\" class=\"wp-block-spacer\"><\/div>\n\n\n\n<h3 class=\"wp-block-heading\">Where can you find Larimar?<\/h3>\n\n\n\n<p>Larimar is a <strong>semi-precious stone<\/strong> that is only found in the Barahona region, in the southwest of the Dominican Republic.<br>This makes Larimar a <strong>rare and unique stone<\/strong>, which visitors with pleasure take away as a souvenir of their stay in our country.<\/p>\n\n\n\n<div class=\"wp-block-image\"><figure class=\"alignright size-large is-resized\"><img decoding=\"async\" src=\"https:\/\/www.dominican-larimar.com\/wp-content\/uploads\/2020\/07\/WhatsApp-Image-2020-07-20-at-23.46.03-2.jpeg\" alt=\"Jorge Luis FELIZ, en la entrada de la mina de Larimar\" class=\"wp-image-323\" width=\"240\" height=\"180\" srcset=\"https:\/\/www.dominican-larimar.com\/wp-content\/uploads\/2020\/07\/WhatsApp-Image-2020-07-20-at-23.46.03-2.jpeg 960w, https:\/\/www.dominican-larimar.com\/wp-content\/uploads\/2020\/07\/WhatsApp-Image-2020-07-20-at-23.46.03-2-300x225.jpeg 300w, https:\/\/www.dominican-larimar.com\/wp-content\/uploads\/2020\/07\/WhatsApp-Image-2020-07-20-at-23.46.03-2-768x576.jpeg 768w\" sizes=\"(max-width: 240px) 100vw, 240px\" \/><figcaption>Jorge Luis FELIZ, <br>at the Larimar mine<\/figcaption><\/figure><\/div>\n\n\n\n<p>In the past, the Larimar, which did not yet have its official name, could be easily found on Bahoruco beach, a few kilometers from Barahona.<br>In fact, local children used to have fun collecting Larimar pebbles that the Bahoruco River dragged and deposited on the beach in bottles, to sell them to visitors.<br>The mines that are upstream of the river have been operating since 1976. It is a mountainous region, very humid and exuberant.<br><strong>The exploitation of Larimar is difficult and dangerous<\/strong>; the mines are always deeper and their access is difficult due to the steep and slippery terrain.<\/p>\n\n\n\n<div style=\"height:20px\" aria-hidden=\"true\" class=\"wp-block-spacer\"><\/div>\n\n\n\n<h3 class=\"wp-block-heading\">Origin and story of \u00abLarimar\u00bb<\/h3>\n\n\n\n<p>The <strong>first Larimar mine was discovered in the Dominican Republic in 1916<\/strong> by a priest, Father Miguel Domingo Fuertes de Loren, from the Barahona parish, in the southwest of the island.<br>At that time, the stone was not known or valued and the Dominican Ministry of Mining denied it the permission to operate the mine. The stone and the mine fell into oblivion.<\/p>\n\n\n\n<p><strong>It was not until 1976 that a certain Miguel M\u00e9ndez, a craftsman, learned of the existence of that stone<\/strong>.<br>Helped by Norman Rilling, a geologist friend of the Peace Corps, they searched for the blue stone and began to extract it.<\/p>\n\n\n\n<div class=\"wp-block-image\"><figure class=\"alignleft size-large\"><img decoding=\"async\" src=\"https:\/\/www.dominican-larimar.com\/wp-content\/uploads\/2020\/07\/Dominican-Larimar-1001-17-169x300.jpg\" alt=\"\"\/><figcaption>Mine of Larimar<\/figcaption><\/figure><\/div>\n\n\n\n<p>At first they named it \u00abTravelina\u00bb, but <strong>Miguel M\u00e9ndez decided name it \u00abLarimar\u00bb in homage to his own daughter<\/strong>.<br>By associating the nickname \u00abLari\u00bb, of his daughter Larissa with the word \u00ab<em>mar<\/em>\u00bb (\u00absea\u00bb in spanish) due to its intense blue color, he formed the name that today describes the beautiful blue stone nowadays recognized as the <strong>gem  with the color of the Caribbean Sea<\/strong>.<\/p>\n\n\n\n<p>In 1979, Larimar was classified as a <strong>semi precious stone<\/strong>; The only Larimar mine in the world is located in Los Chupaderos, in the National District of Bahoruco, 23 kilometers from Santa Cruz de Barahona.<\/p>\n\n\n\n<p>On October 21, 2016, the Ministry of Energy and Mines issued a resolution that prohibited the export of amber and larimar.<br>Today, Larimar is only allowed to be exported in separate polished pieces.<\/p>\n\n\n\n<p>Since 2018 in the Dominican Republic, \u201c<strong>National Larimar Day<\/strong>\u201d <strong>has been celebrated every November 22<\/strong> in memory of the same date when in 1916, the priest Miguel Domingo Fuertes, discovered the stone in Barahona.<\/p>\n\n\n\n<p>Today, <strong>Larimar is considered as THE stone \u00absymbol\u00bb of the Dominican Republic<\/strong> by both Dominicans and visitors in our country. <br>Whether as an <a href=\"https:\/\/www.dominican-larimar.com\/index.php\/en\/jewelry\/\"><strong>jewelry <\/strong><\/a>or <strong>decorative element<\/strong>, <a href=\"https:\/\/www.dominican-larimar.com\/index.php\/en\/larimar-rough\/\"><strong>raw <\/strong><\/a>or <a href=\"https:\/\/www.dominican-larimar.com\/index.php\/en\/larimar-cabochons\/\"><strong>polished<\/strong><\/a>, <strong>Larimar stone arouses a great fascination due to the variety of its blue colors<\/strong>.<\/p>\n\n\n\n<div style=\"height:20px\" aria-hidden=\"true\" class=\"wp-block-spacer\"><\/div>\n\n\n\n<figure class=\"wp-block-embed-youtube wp-block-embed is-type-video is-provider-youtube wp-embed-aspect-16-9 wp-has-aspect-ratio\"><div class=\"wp-block-embed__wrapper\">\n<div class=\"ast-oembed-container\"><iframe title=\"The Story of Larimar, a Dominican Gem\" width=\"500\" height=\"281\" src=\"https:\/\/www.youtube.com\/embed\/EaAHJsGMcoM?feature=oembed\" frameborder=\"0\" allow=\"accelerometer; autoplay; encrypted-media; gyroscope; picture-in-picture\" allowfullscreen><\/iframe><\/div>\n<\/div><\/figure>\n","protected":false},"excerpt":{"rendered":"<p>Larimar is a semi-precious stone found only in the Dominican Republic, which despite of having formed about 35 million years ago has an original history and recent fame.Multiple properties are attributed to it about love and healing, among others. What is Larimar? Larimar has been classified as a fine stone since 1979. It is a &hellip;<\/p>\n<p class=\"read-more\"> <a class=\"\" href=\"https:\/\/www.dominican-larimar.com\/index.php\/en\/the-story-of-larimar\/\"> <span class=\"screen-reader-text\">The story of Larimar<\/span> Leer m\u00e1s &raquo;<\/a><\/p>\n","protected":false},"author":1,"featured_media":0,"parent":0,"menu_order":0,"comment_status":"closed","ping_status":"closed","template":"","meta":{"_uag_custom_page_level_css":"","ngg_post_thumbnail":0},"yoast_head":"<!-- This site is optimized with the Yoast SEO plugin v21.8.1 - https:\/\/yoast.com\/wordpress\/plugins\/seo\/ -->\n<title>The story of Larimar - Dominican-Larimar.com<\/title>\n<meta name=\"description\" content=\"El Larimar es una piedra \u00fanica y rara que s\u00f3lo se encuentra en la Rep\u00fablica Dominicana. Comprar joyas y prendas de bisuter\u00eda con Larimar de calidad\" \/>\n<meta name=\"robots\" content=\"index, follow, max-snippet:-1, max-image-preview:large, max-video-preview:-1\" \/>\n<link rel=\"canonical\" href=\"https:\/\/www.dominican-larimar.com\/index.php\/en\/the-story-of-larimar\/\" \/>\n<meta property=\"og:locale\" content=\"es_ES\" \/>\n<meta property=\"og:type\" content=\"article\" \/>\n<meta property=\"og:title\" content=\"The story of Larimar - Dominican-Larimar.com\" \/>\n<meta property=\"og:description\" content=\"El Larimar es una piedra \u00fanica y rara que s\u00f3lo se encuentra en la Rep\u00fablica Dominicana. Comprar joyas y prendas de bisuter\u00eda con Larimar de calidad\" \/>\n<meta property=\"og:url\" content=\"https:\/\/www.dominican-larimar.com\/index.php\/en\/the-story-of-larimar\/\" \/>\n<meta property=\"og:site_name\" content=\"Dominican-Larimar.com\" \/>\n<meta property=\"article:modified_time\" content=\"2020-08-11T14:36:24+00:00\" \/>\n<meta property=\"og:image\" content=\"https:\/\/www.dominican-larimar.com\/wp-content\/uploads\/2020\/07\/dominican-larimar-jorge-luis-feliz-74-e1595364379646.jpeg\" \/>\n<meta name=\"twitter:card\" content=\"summary_large_image\" \/>\n<meta name=\"twitter:label1\" content=\"Est. reading time\" \/>\n\t<meta name=\"twitter:data1\" content=\"3 minutos\" \/>\n<script type=\"application\/ld+json\" class=\"yoast-schema-graph\">{\"@context\":\"https:\/\/schema.org\",\"@graph\":[{\"@type\":\"WebPage\",\"@id\":\"https:\/\/www.dominican-larimar.com\/index.php\/en\/the-story-of-larimar\/\",\"url\":\"https:\/\/www.dominican-larimar.com\/index.php\/en\/the-story-of-larimar\/\",\"name\":\"The story of Larimar - Dominican-Larimar.com\",\"isPartOf\":{\"@id\":\"https:\/\/www.dominican-larimar.com\/index.php\/fr\/accueil\/#website\"},\"datePublished\":\"2020-08-10T00:08:32+00:00\",\"dateModified\":\"2020-08-11T14:36:24+00:00\",\"description\":\"El Larimar es una piedra \u00fanica y rara que s\u00f3lo se encuentra en la Rep\u00fablica Dominicana. Comprar joyas y prendas de bisuter\u00eda con Larimar de calidad\",\"breadcrumb\":{\"@id\":\"https:\/\/www.dominican-larimar.com\/index.php\/en\/the-story-of-larimar\/#breadcrumb\"},\"inLanguage\":\"es\",\"potentialAction\":[{\"@type\":\"ReadAction\",\"target\":[\"https:\/\/www.dominican-larimar.com\/index.php\/en\/the-story-of-larimar\/\"]}]},{\"@type\":\"BreadcrumbList\",\"@id\":\"https:\/\/www.dominican-larimar.com\/index.php\/en\/the-story-of-larimar\/#breadcrumb\",\"itemListElement\":[{\"@type\":\"ListItem\",\"position\":1,\"name\":\"Accueil\",\"item\":\"https:\/\/www.dominican-larimar.com\/\"},{\"@type\":\"ListItem\",\"position\":2,\"name\":\"The story of Larimar\"}]},{\"@type\":\"WebSite\",\"@id\":\"https:\/\/www.dominican-larimar.com\/index.php\/fr\/accueil\/#website\",\"url\":\"https:\/\/www.dominican-larimar.com\/index.php\/fr\/accueil\/\",\"name\":\"Dominican-Larimar.com\",\"description\":\"Larimar de la Rep\u00fablica Dominicana\",\"potentialAction\":[{\"@type\":\"SearchAction\",\"target\":{\"@type\":\"EntryPoint\",\"urlTemplate\":\"https:\/\/www.dominican-larimar.com\/index.php\/fr\/accueil\/?s={search_term_string}\"},\"query-input\":\"required name=search_term_string\"}],\"inLanguage\":\"es\"}]}<\/script>\n<!-- \/ Yoast SEO plugin. -->","yoast_head_json":{"title":"The story of Larimar - Dominican-Larimar.com","description":"El Larimar es una piedra \u00fanica y rara que s\u00f3lo se encuentra en la Rep\u00fablica Dominicana. Comprar joyas y prendas de bisuter\u00eda con Larimar de calidad","robots":{"index":"index","follow":"follow","max-snippet":"max-snippet:-1","max-image-preview":"max-image-preview:large","max-video-preview":"max-video-preview:-1"},"canonical":"https:\/\/www.dominican-larimar.com\/index.php\/en\/the-story-of-larimar\/","og_locale":"es_ES","og_type":"article","og_title":"The story of Larimar - Dominican-Larimar.com","og_description":"El Larimar es una piedra \u00fanica y rara que s\u00f3lo se encuentra en la Rep\u00fablica Dominicana. Comprar joyas y prendas de bisuter\u00eda con Larimar de calidad","og_url":"https:\/\/www.dominican-larimar.com\/index.php\/en\/the-story-of-larimar\/","og_site_name":"Dominican-Larimar.com","article_modified_time":"2020-08-11T14:36:24+00:00","og_image":[{"url":"https:\/\/www.dominican-larimar.com\/wp-content\/uploads\/2020\/07\/dominican-larimar-jorge-luis-feliz-74-e1595364379646.jpeg"}],"twitter_card":"summary_large_image","twitter_misc":{"Est. reading time":"3 minutos"},"schema":{"@context":"https:\/\/schema.org","@graph":[{"@type":"WebPage","@id":"https:\/\/www.dominican-larimar.com\/index.php\/en\/the-story-of-larimar\/","url":"https:\/\/www.dominican-larimar.com\/index.php\/en\/the-story-of-larimar\/","name":"The story of Larimar - Dominican-Larimar.com","isPartOf":{"@id":"https:\/\/www.dominican-larimar.com\/index.php\/fr\/accueil\/#website"},"datePublished":"2020-08-10T00:08:32+00:00","dateModified":"2020-08-11T14:36:24+00:00","description":"El Larimar es una piedra \u00fanica y rara que s\u00f3lo se encuentra en la Rep\u00fablica Dominicana. Comprar joyas y prendas de bisuter\u00eda con Larimar de calidad","breadcrumb":{"@id":"https:\/\/www.dominican-larimar.com\/index.php\/en\/the-story-of-larimar\/#breadcrumb"},"inLanguage":"es","potentialAction":[{"@type":"ReadAction","target":["https:\/\/www.dominican-larimar.com\/index.php\/en\/the-story-of-larimar\/"]}]},{"@type":"BreadcrumbList","@id":"https:\/\/www.dominican-larimar.com\/index.php\/en\/the-story-of-larimar\/#breadcrumb","itemListElement":[{"@type":"ListItem","position":1,"name":"Accueil","item":"https:\/\/www.dominican-larimar.com\/"},{"@type":"ListItem","position":2,"name":"The story of Larimar"}]},{"@type":"WebSite","@id":"https:\/\/www.dominican-larimar.com\/index.php\/fr\/accueil\/#website","url":"https:\/\/www.dominican-larimar.com\/index.php\/fr\/accueil\/","name":"Dominican-Larimar.com","description":"Larimar de la Rep\u00fablica Dominicana","potentialAction":[{"@type":"SearchAction","target":{"@type":"EntryPoint","urlTemplate":"https:\/\/www.dominican-larimar.com\/index.php\/fr\/accueil\/?s={search_term_string}"},"query-input":"required name=search_term_string"}],"inLanguage":"es"}]}},"jetpack_sharing_enabled":true,"uagb_featured_image_src":{"full":false,"thumbnail":false,"medium":false,"medium_large":false,"large":false,"1536x1536":false,"2048x2048":false},"uagb_author_info":{"display_name":"LarimarO","author_link":"https:\/\/www.dominican-larimar.com\/index.php\/author\/lospatos2018\/"},"uagb_comment_info":0,"uagb_excerpt":"Larimar is a semi-precious stone found only in the Dominican Republic, which despite of having formed about 35 million years ago has an original history and recent fame.Multiple properties are attributed to it about love and healing, among others. What is Larimar? Larimar has been classified as a fine stone since 1979. It is a&hellip;","_links":{"self":[{"href":"https:\/\/www.dominican-larimar.com\/index.php\/wp-json\/wp\/v2\/pages\/686"}],"collection":[{"href":"https:\/\/www.dominican-larimar.com\/index.php\/wp-json\/wp\/v2\/pages"}],"about":[{"href":"https:\/\/www.dominican-larimar.com\/index.php\/wp-json\/wp\/v2\/types\/page"}],"author":[{"embeddable":true,"href":"https:\/\/www.dominican-larimar.com\/index.php\/wp-json\/wp\/v2\/users\/1"}],"replies":[{"embeddable":true,"href":"https:\/\/www.dominican-larimar.com\/index.php\/wp-json\/wp\/v2\/comments?post=686"}],"version-history":[{"count":7,"href":"https:\/\/www.dominican-larimar.com\/index.php\/wp-json\/wp\/v2\/pages\/686\/revisions"}],"predecessor-version":[{"id":739,"href":"https:\/\/www.dominican-larimar.com\/index.php\/wp-json\/wp\/v2\/pages\/686\/revisions\/739"}],"wp:attachment":[{"href":"https:\/\/www.dominican-larimar.com\/index.php\/wp-json\/wp\/v2\/media?parent=686"}],"curies":[{"name":"wp","href":"https:\/\/api.w.org\/{rel}","templated":true}]}}