{"id":308,"date":"2020-07-21T05:37:13","date_gmt":"2020-07-21T03:37:13","guid":{"rendered":"http:\/\/www.dominican-larimar.com\/?page_id=308"},"modified":"2020-09-17T14:35:18","modified_gmt":"2020-09-17T18:35:18","slug":"about-us","status":"publish","type":"page","link":"https:\/\/www.dominican-larimar.com\/index.php\/en\/about-us\/","title":{"rendered":"About Us"},"content":{"rendered":"\n<div class=\"wp-block-image\"><figure class=\"alignright size-thumbnail\"><img decoding=\"async\" width=\"150\" height=\"150\" src=\"https:\/\/www.dominican-larimar.com\/wp-content\/uploads\/2020\/07\/WhatsApp-Image-2020-07-20-at-22.51.48-1-e1595304257754-150x150.jpeg\" alt=\"Jorge Luis FELIZ Larimar\" class=\"wp-image-317\"\/><figcaption>Jorge Luis FELIZ<\/figcaption><\/figure><\/div>\n\n\n\n<p>My name is <strong>Jorge Lu\u00eds F\u00e9liz<\/strong>. I am 32 years old and I was born and raised in the Ci\u00e9naga de Barahona in the south-west of the Dominican Republic, <strong>about 20 kilometers from the Larimar mine<\/strong> and 40 kilometers from Barahona.<\/p>\n\n\n\n<p>When I was 23, I had to suddenly drop out of college and decided to take technical craft courses.<br>Apart from the coconut and wire crafts, I learned how to work the Larimar stone and the jewelry associated with Larimar.<\/p>\n\n\n\n<p>Later, I was able to do a complete <strong>lapidary course and an advanced jewelry course<\/strong>..<\/p>\n\n\n\n<p>Throughout my training, <strong>I learned to carve stone<\/strong> in various workshops in the communities of La Ci\u00e9naga de Barahona and Bahoruco.<br>At the same time I started <strong>selling my own productions<\/strong> on a wooden table near the Los Patos river. Soon, I was able to set up a small stand near the beach.<\/p>\n\n\n\n<div class=\"wp-block-image\"><figure class=\"alignleft size-large is-resized\"><img decoding=\"async\" src=\"https:\/\/www.dominican-larimar.com\/wp-content\/uploads\/2020\/07\/WhatsApp-Image-2020-07-20-at-23.48.18.jpeg\" alt=\"Jorge Luis FELIZ\" class=\"wp-image-325\" width=\"192\" height=\"256\" srcset=\"https:\/\/www.dominican-larimar.com\/wp-content\/uploads\/2020\/07\/WhatsApp-Image-2020-07-20-at-23.48.18.jpeg 768w, https:\/\/www.dominican-larimar.com\/wp-content\/uploads\/2020\/07\/WhatsApp-Image-2020-07-20-at-23.48.18-225x300.jpeg 225w\" sizes=\"(max-width: 192px) 100vw, 192px\" \/><\/figure><\/div>\n\n\n\n<p>At that time I made the garments (jewelry and fantasies) in a small workshop that I had set up in my house. After 2 years I was able to have a larger workshop between Ojeda and Los Patos, to finally move back to La Ci\u00e9naga where I could build an even more comfortable workshop.<\/p>\n\n\n\n<p><strong>Today I am set again in Los Patos with a workshop that includes 2 positions: a carver that I trained and a driller who does the finishes.<\/strong><\/p>\n\n\n\n<p>Passionate about Larimar and contact with people, very soon I began to sell my productions in the community of Los Patos, where I had a greater opportunity to contact tourists and small hotels.<\/p>\n\n\n\n<p><strong>Today, my workshop and showroom are located just minutes from downtown Los Patos.<br><\/strong>It is a <strong>charming place surrounded by countryside, palm trees, beautiful views of the beach and the Caribbean Sea that invite you to peace<\/strong>.<br><strong>The public can visit us to discover how the stone is worked and acquire the Larimar in raw form, carved or mounted in quality jewelry<\/strong>.<\/p>\n\n\n\n<p>I love socializing with people and I like to present my work, which I do with passion.<\/p>\n\n\n\n<div class=\"wp-block-image\"><figure class=\"alignright size-large is-resized\"><img decoding=\"async\" src=\"https:\/\/www.dominican-larimar.com\/wp-content\/uploads\/2020\/07\/WhatsApp-Image-2020-07-21-at-00.12.06-768x1024.jpeg\" alt=\"\" class=\"wp-image-330\" width=\"192\" height=\"256\" srcset=\"https:\/\/www.dominican-larimar.com\/wp-content\/uploads\/2020\/07\/WhatsApp-Image-2020-07-21-at-00.12.06-768x1024.jpeg 768w, https:\/\/www.dominican-larimar.com\/wp-content\/uploads\/2020\/07\/WhatsApp-Image-2020-07-21-at-00.12.06-225x300.jpeg 225w, https:\/\/www.dominican-larimar.com\/wp-content\/uploads\/2020\/07\/WhatsApp-Image-2020-07-21-at-00.12.06.jpeg 774w\" sizes=\"(max-width: 192px) 100vw, 192px\" \/><\/figure><\/div>\n\n\n\n<p>I am in love with Larimar stone because of the variety of its colors and the <a href=\"https:\/\/www.dominican-larimar.com\/index.php\/en\/larimar-stone-properties\/\"><strong>properties<\/strong> <\/a>it has.<br>It is a <strong>rare, unique stone and I am very proud that it is found only in my country<\/strong>.<\/p>\n\n\n\n<blockquote class=\"wp-block-quote\"><p>Larimar is said to <strong>bring luck<\/strong> and <strong>encourage the positive energy<\/strong> one needs from day to day.<br>I myself have my <strong>talismans<\/strong> and <strong>I always bring a Larimar stone to my contact to bring me luck<\/strong>!<\/p><\/blockquote>\n\n\n\n<p>I speak a little English and French.<\/p>\n\n\n\n<p>The Dominican-Larimar workshop and showroom can be visited <strong>every day from 8 AM to 6 PM.<br><\/strong>You will be able to see how we work the Larimar and buy our productions live.<\/p>\n\n\n\n<figure class=\"wp-block-video aligncenter\"><video controls src=\"https:\/\/www.dominican-larimar.com\/wp-content\/uploads\/2020\/07\/WhatsApp-Video-2020-07-21-at-00.13.27.mp4\"><\/video><figcaption>Corte de Larimar en nuestro taller<\/figcaption><\/figure>\n\n\n\n<div style=\"height:20px\" aria-hidden=\"true\" class=\"wp-block-spacer\"><\/div>\n\n\n\n<hr class=\"wp-block-separator\"\/>\n\n\n\n<p><\/p>\n","protected":false},"excerpt":{"rendered":"<p>My name is Jorge Lu\u00eds F\u00e9liz. I am 32 years old and I was born and raised in the Ci\u00e9naga de Barahona in the south-west of the Dominican Republic, about 20 kilometers from the Larimar mine and 40 kilometers from Barahona. When I was 23, I had to suddenly drop out of college and decided &hellip;<\/p>\n<p class=\"read-more\"> <a class=\"\" href=\"https:\/\/www.dominican-larimar.com\/index.php\/en\/about-us\/\"> <span class=\"screen-reader-text\">About Us<\/span> Leer m\u00e1s &raquo;<\/a><\/p>\n","protected":false},"author":1,"featured_media":0,"parent":0,"menu_order":0,"comment_status":"closed","ping_status":"closed","template":"","meta":{"_uag_custom_page_level_css":"","ngg_post_thumbnail":0},"yoast_head":"<!-- This site is optimized with the Yoast SEO plugin v21.8.1 - https:\/\/yoast.com\/wordpress\/plugins\/seo\/ -->\n<title>About Us - Dominican-Larimar.com<\/title>\n<meta name=\"description\" content=\"Larimar from the Dominican Republic, jewelery with Larimar and silver. Necklaces, rings, earrings and rough stones, detal and wholesale\" \/>\n<meta name=\"robots\" content=\"index, follow, max-snippet:-1, max-image-preview:large, max-video-preview:-1\" \/>\n<link rel=\"canonical\" href=\"https:\/\/www.dominican-larimar.com\/index.php\/en\/about-us\/\" \/>\n<meta property=\"og:locale\" content=\"es_ES\" \/>\n<meta property=\"og:type\" content=\"article\" \/>\n<meta property=\"og:title\" content=\"About Us - Dominican-Larimar.com\" \/>\n<meta property=\"og:description\" content=\"Larimar from the Dominican Republic, jewelery with Larimar and silver. Necklaces, rings, earrings and rough stones, detal and wholesale\" \/>\n<meta property=\"og:url\" content=\"https:\/\/www.dominican-larimar.com\/index.php\/en\/about-us\/\" \/>\n<meta property=\"og:site_name\" content=\"Dominican-Larimar.com\" \/>\n<meta property=\"article:modified_time\" content=\"2020-09-17T18:35:18+00:00\" \/>\n<meta property=\"og:image\" content=\"https:\/\/www.dominican-larimar.com\/wp-content\/uploads\/2020\/07\/WhatsApp-Image-2020-07-20-at-22.51.48-1-e1595304257754-150x150.jpeg\" \/>\n<meta name=\"twitter:card\" content=\"summary_large_image\" \/>\n<meta name=\"twitter:label1\" content=\"Est. reading time\" \/>\n\t<meta name=\"twitter:data1\" content=\"2 minutos\" \/>\n<script type=\"application\/ld+json\" class=\"yoast-schema-graph\">{\"@context\":\"https:\/\/schema.org\",\"@graph\":[{\"@type\":\"WebPage\",\"@id\":\"https:\/\/www.dominican-larimar.com\/index.php\/en\/about-us\/\",\"url\":\"https:\/\/www.dominican-larimar.com\/index.php\/en\/about-us\/\",\"name\":\"About Us - Dominican-Larimar.com\",\"isPartOf\":{\"@id\":\"https:\/\/www.dominican-larimar.com\/index.php\/fr\/accueil\/#website\"},\"datePublished\":\"2020-07-21T03:37:13+00:00\",\"dateModified\":\"2020-09-17T18:35:18+00:00\",\"description\":\"Larimar from the Dominican Republic, jewelery with Larimar and silver. Necklaces, rings, earrings and rough stones, detal and wholesale\",\"breadcrumb\":{\"@id\":\"https:\/\/www.dominican-larimar.com\/index.php\/en\/about-us\/#breadcrumb\"},\"inLanguage\":\"es\",\"potentialAction\":[{\"@type\":\"ReadAction\",\"target\":[\"https:\/\/www.dominican-larimar.com\/index.php\/en\/about-us\/\"]}]},{\"@type\":\"BreadcrumbList\",\"@id\":\"https:\/\/www.dominican-larimar.com\/index.php\/en\/about-us\/#breadcrumb\",\"itemListElement\":[{\"@type\":\"ListItem\",\"position\":1,\"name\":\"Accueil\",\"item\":\"https:\/\/www.dominican-larimar.com\/\"},{\"@type\":\"ListItem\",\"position\":2,\"name\":\"About Us\"}]},{\"@type\":\"WebSite\",\"@id\":\"https:\/\/www.dominican-larimar.com\/index.php\/fr\/accueil\/#website\",\"url\":\"https:\/\/www.dominican-larimar.com\/index.php\/fr\/accueil\/\",\"name\":\"Dominican-Larimar.com\",\"description\":\"Larimar de la Rep\u00fablica Dominicana\",\"potentialAction\":[{\"@type\":\"SearchAction\",\"target\":{\"@type\":\"EntryPoint\",\"urlTemplate\":\"https:\/\/www.dominican-larimar.com\/index.php\/fr\/accueil\/?s={search_term_string}\"},\"query-input\":\"required name=search_term_string\"}],\"inLanguage\":\"es\"}]}<\/script>\n<!-- \/ Yoast SEO plugin. -->","yoast_head_json":{"title":"About Us - Dominican-Larimar.com","description":"Larimar from the Dominican Republic, jewelery with Larimar and silver. Necklaces, rings, earrings and rough stones, detal and wholesale","robots":{"index":"index","follow":"follow","max-snippet":"max-snippet:-1","max-image-preview":"max-image-preview:large","max-video-preview":"max-video-preview:-1"},"canonical":"https:\/\/www.dominican-larimar.com\/index.php\/en\/about-us\/","og_locale":"es_ES","og_type":"article","og_title":"About Us - Dominican-Larimar.com","og_description":"Larimar from the Dominican Republic, jewelery with Larimar and silver. Necklaces, rings, earrings and rough stones, detal and wholesale","og_url":"https:\/\/www.dominican-larimar.com\/index.php\/en\/about-us\/","og_site_name":"Dominican-Larimar.com","article_modified_time":"2020-09-17T18:35:18+00:00","og_image":[{"url":"https:\/\/www.dominican-larimar.com\/wp-content\/uploads\/2020\/07\/WhatsApp-Image-2020-07-20-at-22.51.48-1-e1595304257754-150x150.jpeg"}],"twitter_card":"summary_large_image","twitter_misc":{"Est. reading time":"2 minutos"},"schema":{"@context":"https:\/\/schema.org","@graph":[{"@type":"WebPage","@id":"https:\/\/www.dominican-larimar.com\/index.php\/en\/about-us\/","url":"https:\/\/www.dominican-larimar.com\/index.php\/en\/about-us\/","name":"About Us - Dominican-Larimar.com","isPartOf":{"@id":"https:\/\/www.dominican-larimar.com\/index.php\/fr\/accueil\/#website"},"datePublished":"2020-07-21T03:37:13+00:00","dateModified":"2020-09-17T18:35:18+00:00","description":"Larimar from the Dominican Republic, jewelery with Larimar and silver. Necklaces, rings, earrings and rough stones, detal and wholesale","breadcrumb":{"@id":"https:\/\/www.dominican-larimar.com\/index.php\/en\/about-us\/#breadcrumb"},"inLanguage":"es","potentialAction":[{"@type":"ReadAction","target":["https:\/\/www.dominican-larimar.com\/index.php\/en\/about-us\/"]}]},{"@type":"BreadcrumbList","@id":"https:\/\/www.dominican-larimar.com\/index.php\/en\/about-us\/#breadcrumb","itemListElement":[{"@type":"ListItem","position":1,"name":"Accueil","item":"https:\/\/www.dominican-larimar.com\/"},{"@type":"ListItem","position":2,"name":"About Us"}]},{"@type":"WebSite","@id":"https:\/\/www.dominican-larimar.com\/index.php\/fr\/accueil\/#website","url":"https:\/\/www.dominican-larimar.com\/index.php\/fr\/accueil\/","name":"Dominican-Larimar.com","description":"Larimar de la Rep\u00fablica Dominicana","potentialAction":[{"@type":"SearchAction","target":{"@type":"EntryPoint","urlTemplate":"https:\/\/www.dominican-larimar.com\/index.php\/fr\/accueil\/?s={search_term_string}"},"query-input":"required name=search_term_string"}],"inLanguage":"es"}]}},"jetpack_sharing_enabled":true,"uagb_featured_image_src":{"full":false,"thumbnail":false,"medium":false,"medium_large":false,"large":false,"1536x1536":false,"2048x2048":false},"uagb_author_info":{"display_name":"LarimarO","author_link":"https:\/\/www.dominican-larimar.com\/index.php\/author\/lospatos2018\/"},"uagb_comment_info":0,"uagb_excerpt":"My name is Jorge Lu\u00eds F\u00e9liz. I am 32 years old and I was born and raised in the Ci\u00e9naga de Barahona in the south-west of the Dominican Republic, about 20 kilometers from the Larimar mine and 40 kilometers from Barahona. When I was 23, I had to suddenly drop out of college and decided&hellip;","_links":{"self":[{"href":"https:\/\/www.dominican-larimar.com\/index.php\/wp-json\/wp\/v2\/pages\/308"}],"collection":[{"href":"https:\/\/www.dominican-larimar.com\/index.php\/wp-json\/wp\/v2\/pages"}],"about":[{"href":"https:\/\/www.dominican-larimar.com\/index.php\/wp-json\/wp\/v2\/types\/page"}],"author":[{"embeddable":true,"href":"https:\/\/www.dominican-larimar.com\/index.php\/wp-json\/wp\/v2\/users\/1"}],"replies":[{"embeddable":true,"href":"https:\/\/www.dominican-larimar.com\/index.php\/wp-json\/wp\/v2\/comments?post=308"}],"version-history":[{"count":29,"href":"https:\/\/www.dominican-larimar.com\/index.php\/wp-json\/wp\/v2\/pages\/308\/revisions"}],"predecessor-version":[{"id":769,"href":"https:\/\/www.dominican-larimar.com\/index.php\/wp-json\/wp\/v2\/pages\/308\/revisions\/769"}],"wp:attachment":[{"href":"https:\/\/www.dominican-larimar.com\/index.php\/wp-json\/wp\/v2\/media?parent=308"}],"curies":[{"name":"wp","href":"https:\/\/api.w.org\/{rel}","templated":true}]}}